{"id":158,"date":"2018-04-18T11:09:49","date_gmt":"2018-04-18T08:09:49","guid":{"rendered":"http:\/\/localhost\/ilan\/?page_id=158"},"modified":"2024-07-11T12:59:54","modified_gmt":"2024-07-11T09:59:54","slug":"bize-ulasin","status":"publish","type":"page","link":"https:\/\/www.ereglirehberim.com\/satilik\/bize-ulasin\/","title":{"rendered":"Bize Ula\u015f\u0131n"},"content":{"rendered":"<h3>Adres: Hac\u0131m\u00fctahir Mah. Rasim Erel Cad. No: 20B Ere\u011fli\/Konya<\/h3>\n<h3><\/h3>\n<p>&nbsp;<\/p>\n<h4>MYK Seviye 5 Emlak Lisansl\u0131, Yetkili Telefon: 0532 473 84 23 (Ya\u015far Yaman)<\/h4>\n<h4>MYK Seviye 5 Emlak Lisansl\u0131, Yetkili Telefon: 0535 845 36 48<\/h4>\n<p><strong>e- mail: incigayrimenkul42@gmail.com<\/strong><\/p>\n<h4><\/h4>\n","protected":false},"excerpt":{"rendered":"<p>Adres: Hac\u0131m\u00fctahir Mah. Rasim Erel Cad. No: 20B Ere\u011fli\/Konya &nbsp; MYK Seviye 5 Emlak Lisansl\u0131, Yetkili Telefon: 0532 473 84 23 (Ya\u015far Yaman) MYK Seviye 5 Emlak Lisansl\u0131, Yetkili Telefon: 0535 845 36 48 e- mail: incigayrimenkul42@gmail.com<\/p>\n","protected":false},"author":1,"featured_media":0,"parent":0,"menu_order":0,"comment_status":"closed","ping_status":"closed","template":"","meta":[],"_links":{"self":[{"href":"https:\/\/www.ereglirehberim.com\/satilik\/wp-json\/wp\/v2\/pages\/158"}],"collection":[{"href":"https:\/\/www.ereglirehberim.com\/satilik\/wp-json\/wp\/v2\/pages"}],"about":[{"href":"https:\/\/www.ereglirehberim.com\/satilik\/wp-json\/wp\/v2\/types\/page"}],"author":[{"embeddable":true,"href":"https:\/\/www.ereglirehberim.com\/satilik\/wp-json\/wp\/v2\/users\/1"}],"replies":[{"embeddable":true,"href":"https:\/\/www.ereglirehberim.com\/satilik\/wp-json\/wp\/v2\/comments?post=158"}],"version-history":[{"count":14,"href":"https:\/\/www.ereglirehberim.com\/satilik\/wp-json\/wp\/v2\/pages\/158\/revisions"}],"predecessor-version":[{"id":2144,"href":"https:\/\/www.ereglirehberim.com\/satilik\/wp-json\/wp\/v2\/pages\/158\/revisions\/2144"}],"wp:attachment":[{"href":"https:\/\/www.ereglirehberim.com\/satilik\/wp-json\/wp\/v2\/media?parent=158"}],"curies":[{"name":"wp","href":"https:\/\/api.w.org\/{rel}","templated":true}]}}