{"id":152,"date":"2018-04-18T11:07:13","date_gmt":"2018-04-18T08:07:13","guid":{"rendered":"http:\/\/localhost\/ilan\/?page_id=152"},"modified":"2024-07-11T11:30:25","modified_gmt":"2024-07-11T08:30:25","slug":"hakkimizda","status":"publish","type":"page","link":"https:\/\/www.ereglirehberim.com\/satilik\/hakkimizda\/","title":{"rendered":"Hakk\u0131m\u0131zda"},"content":{"rendered":"<p>Konya Ere\u011fli&#8217;nin k\u00f6kl\u00fc ve g\u00fcvenilir m\u00fcteahhitlik firmas\u0131 Yaman M\u00fchendislik olarak, 40 y\u0131ll\u0131k tecr\u00fcbemizi ve bilgi birikimimizi emlak sekt\u00f6r\u00fcne ta\u015f\u0131man\u0131n gururunu ya\u015f\u0131yoruz. Y\u0131llard\u0131r in\u015faat sekt\u00f6r\u00fcnde sa\u011flam temeller \u00fczerine in\u015fa etti\u011fimiz g\u00fcven ve kalite anlay\u0131\u015f\u0131m\u0131z\u0131, \u015fimdi emlak alan\u0131nda da siz de\u011ferli m\u00fc\u015fterilerimize sunuyoruz.<\/p>\n<p>Firmam\u0131z, sekt\u00f6rdeki yenilikleri takip eden, m\u00fc\u015fteri memnuniyetini her zaman \u00f6n planda tutan ve her projesinde kaliteyi \u00f6ncelik haline getiren bir vizyonla hareket etmektedir. Konut, i\u015f yeri ve ticari gayrimenkul alanlar\u0131nda sundu\u011fumuz \u00e7\u00f6z\u00fcmlerle, m\u00fc\u015fterilerimizin ihtiya\u00e7lar\u0131n\u0131 en iyi \u015fekilde kar\u015f\u0131lamak i\u00e7in buraday\u0131z.<\/p>\n<p>Yeni emlak faaliyetlerimiz kapsam\u0131nda, geni\u015f portf\u00f6y\u00fcm\u00fcz ve uzman kadromuz ile sizlere en iyi hizmeti sunmay\u0131 hedefliyoruz. Gayrimenkul al\u0131m-sat\u0131m ve kiralama i\u015flemlerinizde, profesyonel dan\u0131\u015fmanl\u0131k hizmetlerimizle yan\u0131n\u0131zda olmaktan mutluluk duyuyoruz.<\/p>\n<p>Kaliteli ya\u015fam alanlar\u0131 olu\u015fturma hedefiyle \u00e7\u0131kt\u0131\u011f\u0131m\u0131z bu yolda, sizleri de aram\u0131zda g\u00f6rmekten onur duyar\u0131z. Birlikte, daha g\u00fczel ve ya\u015fanabilir mekanlar in\u015fa etmek i\u00e7in sizleri ofisimize bekliyoruz.<\/p>\n<p>Sayg\u0131lar\u0131m\u0131zla,<\/p>\n<p>\u0130nci Gayrimenkul<\/p>\n","protected":false},"excerpt":{"rendered":"<p>Konya Ere\u011fli&#8217;nin k\u00f6kl\u00fc ve g\u00fcvenilir m\u00fcteahhitlik firmas\u0131 Yaman M\u00fchendislik olarak, 40 y\u0131ll\u0131k tecr\u00fcbemizi ve bilgi birikimimizi emlak sekt\u00f6r\u00fcne ta\u015f\u0131man\u0131n gururunu ya\u015f\u0131yoruz. Y\u0131llard\u0131r in\u015faat sekt\u00f6r\u00fcnde sa\u011flam temeller \u00fczerine in\u015fa etti\u011fimiz g\u00fcven ve kalite anlay\u0131\u015f\u0131m\u0131z\u0131, \u015fimdi emlak alan\u0131nda da siz de\u011ferli m\u00fc\u015fterilerimize sunuyoruz. Firmam\u0131z, sekt\u00f6rdeki yenilikleri takip eden, m\u00fc\u015fteri memnuniyetini her zaman \u00f6n planda tutan ve her [&hellip;]<\/p>\n","protected":false},"author":1,"featured_media":0,"parent":0,"menu_order":0,"comment_status":"closed","ping_status":"closed","template":"","meta":[],"_links":{"self":[{"href":"https:\/\/www.ereglirehberim.com\/satilik\/wp-json\/wp\/v2\/pages\/152"}],"collection":[{"href":"https:\/\/www.ereglirehberim.com\/satilik\/wp-json\/wp\/v2\/pages"}],"about":[{"href":"https:\/\/www.ereglirehberim.com\/satilik\/wp-json\/wp\/v2\/types\/page"}],"author":[{"embeddable":true,"href":"https:\/\/www.ereglirehberim.com\/satilik\/wp-json\/wp\/v2\/users\/1"}],"replies":[{"embeddable":true,"href":"https:\/\/www.ereglirehberim.com\/satilik\/wp-json\/wp\/v2\/comments?post=152"}],"version-history":[{"count":5,"href":"https:\/\/www.ereglirehberim.com\/satilik\/wp-json\/wp\/v2\/pages\/152\/revisions"}],"predecessor-version":[{"id":2142,"href":"https:\/\/www.ereglirehberim.com\/satilik\/wp-json\/wp\/v2\/pages\/152\/revisions\/2142"}],"wp:attachment":[{"href":"https:\/\/www.ereglirehberim.com\/satilik\/wp-json\/wp\/v2\/media?parent=152"}],"curies":[{"name":"wp","href":"https:\/\/api.w.org\/{rel}","templated":true}]}}